{"id":937,"date":"2025-04-27T11:24:37","date_gmt":"2025-04-27T11:24:37","guid":{"rendered":"https:\/\/canada-iptv-abonnement.com\/?page_id=937"},"modified":"2026-02-06T20:33:04","modified_gmt":"2026-02-06T20:33:04","slug":"politique-de-confidentialite-rgpd","status":"publish","type":"page","link":"https:\/\/canada-iptv-abonnement.com\/en\/politique-de-confidentialite-rgpd\/","title":{"rendered":"Politique de Confidentialit\u00e9 RGPD"},"content":{"rendered":"<div data-elementor-type=\"wp-page\" data-elementor-id=\"937\" class=\"elementor elementor-937\" data-elementor-post-type=\"page\">\n\t\t\t\t<div class=\"elementor-element elementor-element-b4f9f1a e-flex e-con-boxed e-con e-parent\" data-id=\"b4f9f1a\" data-element_type=\"container\" data-e-type=\"container\">\n\t\t\t\t\t<div class=\"e-con-inner\">\n\t\t\t\t<div class=\"elementor-element elementor-element-197a97e2 elementor-widget elementor-widget-heading\" data-id=\"197a97e2\" data-element_type=\"widget\" data-e-type=\"widget\" data-widget_type=\"heading.default\">\n\t\t\t\t<div class=\"elementor-widget-container\">\n\t\t\t\t\t<h1 class=\"elementor-heading-title elementor-size-default\">Politique de Confidentialit\u00e9 RGPD\n<\/h1>\t\t\t\t<\/div>\n\t\t\t\t<\/div>\n\t\t\t\t<div class=\"elementor-element elementor-element-1c5f787b elementor-widget elementor-widget-text-editor\" data-id=\"1c5f787b\" data-element_type=\"widget\" data-e-type=\"widget\" data-widget_type=\"text-editor.default\">\n\t\t\t\t<div class=\"elementor-widget-container\">\n\t\t\t\t\t\t\t\t\t<h3 data-path-to-node=\"3\">Protection de vos donn\u00e9es et respect du RGPD<\/h3><blockquote data-path-to-node=\"4\"><p data-path-to-node=\"4,0\">\u00ab\u00a0Chez <b data-path-to-node=\"4,0\" data-index-in-node=\"6\">CANADA IPTV ABONNEMENT <\/b>, la s\u00e9curit\u00e9 de vos informations personnelles est au c\u0153ur de nos engagements. Nous traitons vos donn\u00e9es avec la plus grande transparence, conform\u00e9ment au R\u00e8glement G\u00e9n\u00e9ral sur la Protection des Donn\u00e9es (RGPD) et \u00e0 la Loi 09-08 au Canada.\u00a0\u00bb<\/p><\/blockquote><hr data-path-to-node=\"5\" \/><h2 data-path-to-node=\"6\">1. Responsable du traitement<\/h2><p data-path-to-node=\"7\">Le responsable du traitement des donn\u00e9es collect\u00e9es sur le site <b data-path-to-node=\"7\" data-index-in-node=\"64\"><a class=\"ng-star-inserted\" href=\"https:\/\/canada-iptv-abonnement.com\/en\/\" target=\"_blank\" rel=\"noopener\" data-hveid=\"0\" data-ved=\"0CAAQ_4QMahcKEwiC6JXS5t2RAxUAAAAAHQAAAAAQFg\">https:\/\/canada-iptv-abonnement.com\/<\/a><\/b> est l&rsquo;\u00e9quipe administrative de <b data-path-to-node=\"7\" data-index-in-node=\"130\">CANADA IPTV ABONNEMENT<\/b>.<\/p><h2 data-path-to-node=\"8\">2. Donn\u00e9es collect\u00e9es et finalit\u00e9s<\/h2><p data-path-to-node=\"9\">Nous collectons uniquement les donn\u00e9es strictement n\u00e9cessaires \u00e0 la fourniture de votre service IPTV :<\/p><ul data-path-to-node=\"10\"><li><p data-path-to-node=\"10,0,0\"><b data-path-to-node=\"10,0,0\" data-index-in-node=\"0\">Donn\u00e9es de contact<\/b> (Nom, Email, WhatsApp) : Pour l&rsquo;envoi de vos codes d&rsquo;acc\u00e8s et le support technique.<\/p><\/li><li><p data-path-to-node=\"10,1,0\"><b data-path-to-node=\"10,1,0\" data-index-in-node=\"0\">Donn\u00e9es de connexion<\/b> : Pour assurer la stabilit\u00e9 de votre flux 4K\/HD et \u00e9viter les acc\u00e8s frauduleux.<\/p><\/li><li><p data-path-to-node=\"10,2,0\"><b data-path-to-node=\"10,2,0\" data-index-in-node=\"0\">Finalit\u00e9<\/b> : Ces donn\u00e9es sont utilis\u00e9es pour activer votre pack (1, 3, 6 ou 12 mois) et vous offrir une assistance 24\/7.<\/p><\/li><\/ul><h2 data-path-to-node=\"11\">3. Base l\u00e9gale du traitement<\/h2><p data-path-to-node=\"12\">Le traitement de vos donn\u00e9es repose sur :<\/p><ul data-path-to-node=\"13\"><li><p data-path-to-node=\"13,0,0\"><b data-path-to-node=\"13,0,0\" data-index-in-node=\"0\">L&rsquo;ex\u00e9cution du contrat<\/b> : Pour vous livrer l&rsquo;abonnement souscrit sous 5 \u00e0 7 minutes.<\/p><\/li><li><p data-path-to-node=\"13,1,0\"><b data-path-to-node=\"13,1,0\" data-index-in-node=\"0\">Votre consentement<\/b> : Notamment pour l&rsquo;utilisation des cookies ou l&rsquo;assistance via WhatsApp.<\/p><\/li><\/ul><h2 data-path-to-node=\"14\">4. Conservation des donn\u00e9es<\/h2><p data-path-to-node=\"15\">Vos donn\u00e9es personnelles sont conserv\u00e9es uniquement pendant la dur\u00e9e de votre abonnement plus une p\u00e9riode de suivi technique de 12 mois, sauf demande de suppression de votre part.<\/p><h2 data-path-to-node=\"16\">5. Vos droits (RGPD &amp; Loi 09-08)<\/h2><p data-path-to-node=\"17\">Conform\u00e9ment aux r\u00e9glementations, vous disposez des droits suivants :<\/p><ul data-path-to-node=\"18\"><li><p data-path-to-node=\"18,0,0\"><b data-path-to-node=\"18,0,0\" data-index-in-node=\"0\">Droit d&rsquo;acc\u00e8s et de rectification<\/b> de vos informations.<\/p><\/li><li><p data-path-to-node=\"18,1,0\"><b data-path-to-node=\"18,1,0\" data-index-in-node=\"0\">Droit \u00e0 l&rsquo;effacement<\/b> (\u00ab\u00a0droit \u00e0 l&rsquo;oubli\u00a0\u00bb).<\/p><\/li><li><p data-path-to-node=\"18,2,0\"><b data-path-to-node=\"18,2,0\" data-index-in-node=\"0\">Droit \u00e0 la limitation<\/b> du traitement.<\/p><\/li><li><p data-path-to-node=\"18,3,0\">Pour exercer ces droits, contactez-nous instantan\u00e9ment via notre <b data-path-to-node=\"18,3,0\" data-index-in-node=\"65\">support WhatsApp<\/b>.<\/p><\/li><\/ul><h2 data-path-to-node=\"19\">6. S\u00e9curit\u00e9 des donn\u00e9es<\/h2><p data-path-to-node=\"20\">Nous utilisons des protocoles de s\u00e9curit\u00e9 avanc\u00e9s pour prot\u00e9ger vos donn\u00e9es contre tout acc\u00e8s non autoris\u00e9. Nos serveurs garantissent une disponibilit\u00e9 de <b data-path-to-node=\"20\" data-index-in-node=\"155\">99,9 %<\/b> avec un chiffrement des informations de compte.<\/p><h2 data-path-to-node=\"21\">7. Transfert de donn\u00e9es<\/h2><p data-path-to-node=\"22\">Aucune donn\u00e9e personnelle n&rsquo;est vendue ou partag\u00e9e avec des tiers \u00e0 des fins publicitaires. Les transferts de donn\u00e9es se limitent aux prestataires techniques n\u00e9cessaires au fonctionnement de nos serveurs.<\/p>\t\t\t\t\t\t\t\t<\/div>\n\t\t\t\t<\/div>\n\t\t\t\t\t<\/div>\n\t\t\t\t<\/div>\n\t\t\t\t<\/div>","protected":false},"excerpt":{"rendered":"<p>Politique de Confidentialit\u00e9 RGPD Protection de vos donn\u00e9es et respect du RGPD \u00ab\u00a0Chez CANADA IPTV ABONNEMENT , la s\u00e9curit\u00e9 de vos informations personnelles est au c\u0153ur de nos engagements. Nous traitons vos donn\u00e9es avec la plus grande transparence, conform\u00e9ment au R\u00e8glement G\u00e9n\u00e9ral sur la Protection des Donn\u00e9es (RGPD) et \u00e0 la Loi 09-08 au Canada.\u00a0\u00bb [&hellip;]<\/p>\n","protected":false},"author":3,"featured_media":0,"parent":0,"menu_order":0,"comment_status":"closed","ping_status":"closed","template":"elementor_header_footer","meta":{"_joinchat":[],"footnotes":""},"class_list":["post-937","page","type-page","status-publish","hentry"],"_hostinger_reach_plugin_has_subscription_block":false,"_hostinger_reach_plugin_is_elementor":false,"_links":{"self":[{"href":"https:\/\/canada-iptv-abonnement.com\/en\/wp-json\/wp\/v2\/pages\/937","targetHints":{"allow":["GET"]}}],"collection":[{"href":"https:\/\/canada-iptv-abonnement.com\/en\/wp-json\/wp\/v2\/pages"}],"about":[{"href":"https:\/\/canada-iptv-abonnement.com\/en\/wp-json\/wp\/v2\/types\/page"}],"author":[{"embeddable":true,"href":"https:\/\/canada-iptv-abonnement.com\/en\/wp-json\/wp\/v2\/users\/3"}],"replies":[{"embeddable":true,"href":"https:\/\/canada-iptv-abonnement.com\/en\/wp-json\/wp\/v2\/comments?post=937"}],"version-history":[{"count":13,"href":"https:\/\/canada-iptv-abonnement.com\/en\/wp-json\/wp\/v2\/pages\/937\/revisions"}],"predecessor-version":[{"id":1267,"href":"https:\/\/canada-iptv-abonnement.com\/en\/wp-json\/wp\/v2\/pages\/937\/revisions\/1267"}],"wp:attachment":[{"href":"https:\/\/canada-iptv-abonnement.com\/en\/wp-json\/wp\/v2\/media?parent=937"}],"curies":[{"name":"wp","href":"https:\/\/api.w.org\/{rel}","templated":true}]}}